{"id":1051,"date":"2022-08-11T13:05:04","date_gmt":"2022-08-11T11:05:04","guid":{"rendered":"https:\/\/www.incognito.sk\/cookies-sutik\/"},"modified":"2024-08-08T10:06:49","modified_gmt":"2024-08-08T08:06:49","slug":"cookies-sutik","status":"publish","type":"page","link":"https:\/\/www.incognito.sk\/hu\/cookies-sutik\/","title":{"rendered":"Cookies &#8211; s\u00fctik"},"content":{"rendered":"<div class=\"fusion-fullwidth fullwidth-box fusion-builder-row-1 fusion-flex-container nonhundred-percent-fullwidth non-hundred-percent-height-scrolling\" style=\"background-color: rgba(255,255,255,0);background-position: center center;background-repeat: no-repeat;border-width: 0px 0px 0px 0px;border-color:#e2e2e2;border-style:solid;\" ><div class=\"fusion-builder-row fusion-row fusion-flex-align-items-flex-start\" style=\"max-width:1664px;margin-left: calc(-4% \/ 2 );margin-right: calc(-4% \/ 2 );\"><div class=\"fusion-layout-column fusion_builder_column fusion-builder-column-0 fusion_builder_column_1_1 1_1 fusion-flex-column\"><div class=\"fusion-column-wrapper fusion-flex-justify-content-flex-start fusion-content-layout-column\" style=\"background-position:left top;background-repeat:no-repeat;-webkit-background-size:cover;-moz-background-size:cover;-o-background-size:cover;background-size:cover;padding: 0px 0px 0px 0px;\"><style type=\"text\/css\">@media only screen and (max-width:1024px) {.fusion-title.fusion-title-1{margin-top:10px!important;margin-bottom:15px!important;}}@media only screen and (max-width:800px) {.fusion-title.fusion-title-1{margin-top:10px!important;margin-bottom:10px!important;}}<\/style><div class=\"fusion-title title fusion-title-1 fusion-sep-none fusion-title-text fusion-title-size-one\" style=\"margin-top:10px;margin-bottom:15px;\"><h1 class=\"title-heading-left\" style=\"margin:0;\">Cookies &#8211; s\u00fctik<\/h1><\/div><\/div><\/div><style type=\"text\/css\">.fusion-body .fusion-builder-column-0{width:100% !important;margin-top : 0px;margin-bottom : 20px;}.fusion-builder-column-0 > .fusion-column-wrapper {padding-top : 0px !important;padding-right : 0px !important;margin-right : 1.92%;padding-bottom : 0px !important;padding-left : 0px !important;margin-left : 1.92%;}@media only screen and (max-width:1024px) {.fusion-body .fusion-builder-column-0{width:100% !important;order : 0;}.fusion-builder-column-0 > .fusion-column-wrapper {margin-right : 1.92%;margin-left : 1.92%;}}@media only screen and (max-width:800px) {.fusion-body .fusion-builder-column-0{width:100% !important;order : 0;}.fusion-builder-column-0 > .fusion-column-wrapper {margin-right : 1.92%;margin-left : 1.92%;}}<\/style><div class=\"fusion-layout-column fusion_builder_column fusion-builder-column-1 fusion_builder_column_1_1 1_1 fusion-flex-column\"><div class=\"fusion-column-wrapper fusion-flex-justify-content-flex-start fusion-content-layout-column\" style=\"background-position:left top;background-repeat:no-repeat;-webkit-background-size:cover;-moz-background-size:cover;-o-background-size:cover;background-size:cover;padding: 0px 0px 0px 0px;\"><div class=\"fusion-text fusion-text-1\" style=\"transform:translate3d(0,0,0);\"><ol>\n<li>A weboldal megfelel\u0151 m\u0171k\u00f6d\u00e9s\u00e9nek biztons\u00e1ga \u00e9rdek\u00e9ben id\u0151nk\u00e9nt kis adatf\u00e1jlokat t\u00e1rolunk az eszk\u00f6z\u00f6n, \u00fagynevezett s\u00fctiket. Ez a legt\u00f6bb nagy weboldal \u00e1ltal\u00e1nos gyakorlata.<\/li>\n<li>A s\u00fcti egy kis sz\u00f6veges f\u00e1jl, amelyet a weboldal a b\u00f6ng\u00e9sz\u00e9s sor\u00e1n a sz\u00e1m\u00edt\u00f3g\u00e9p\u00e9re vagy mobileszk\u00f6z\u00e9re ment el. Ennek a f\u00e1jlnak k\u00f6sz\u00f6nhet\u0151en egy bizonyos id\u0151re meg\u0151rzi az inform\u00e1ci\u00f3kat az \u00f6n l\u00e9p\u00e9seir\u0151l \u00e9s preferenci\u00e1ir\u00f3l (mint p\u00e9ld\u00e1ul a bejelentkez\u00e9si n\u00e9v, nyelv, bet\u0171nagys\u00e1g \u00e9s egy\u00e9b megjelen\u00edt\u00e9si be\u00e1ll\u00edt\u00e1sok), \u00edgy a legk\u00f6zelebbi weboldal l\u00e1togat\u00e1sn\u00e1l vagy b\u00f6ng\u00e9sz\u00e9sn\u00e9l nem kell \u00fajra be\u00edrnia \u0151ket.<\/li>\n<li>Ezek a weboldalak s\u00fcti f\u00e1jlokat haszn\u00e1lnak a felhaszn\u00e1l\u00f3i be\u00e1ll\u00edt\u00e1sok megjegyz\u00e9s\u00e9re, hogy a hirdet\u00e9sek jobban alkalmazkodjanak a l\u00e1togat\u00f3k \u00e9rdekl\u0151d\u00e9s\u00e9hez \u00e9s a weboldalak sz\u00fcks\u00e9ges m\u0171k\u00f6d\u00e9s\u00e9hez.<\/li>\n<li>A s\u00fcti f\u00e1jlokat ellen\u0151rizheti \u00e9s t\u00f6r\u00f6lheti a tetsz\u00e9se szerint &#8211; a r\u00e9szleteket n\u00e9zze meg az <a href=\"https:\/\/www.aboutcookies.org\/\" target=\"_blank\" rel=\"noopener\">aboutcookies.org<\/a> weboldalon. Kit\u00f6r\u00f6lheti az \u00f6sszes s\u00fcti f\u00e1jlt, amely a sz\u00e1m\u00edt\u00f3g\u00e9p\u00e9n mentve van \u00e9s a b\u00f6ng\u00e9sz\u0151ket be tudja \u00e1ll\u00edtani \u00fagy, hogy ne enged\u00e9lyezz\u00e9k a s\u00fctik ment\u00e9s\u00e9t. Ebben az esetben minden weboldal l\u00e1togat\u00e1sn\u00e1l val\u00f3sz\u00edn\u0171leg musz\u00e1j lesz manu\u00e1lisan szerkeszteni az egyes be\u00e1ll\u00edt\u00e1sokat \u00e9s valamennyi szolg\u00e1ltat\u00e1s \u00e9s funkci\u00f3 nem fog m\u0171k\u00f6dni.<\/li>\n<li>A s\u00fcti f\u00e1jlok haszn\u00e1lat\u00e1t be lehet \u00e1ll\u00edtani az \u00f6n internetes b\u00f6ng\u00e9sz\u0151je seg\u00edts\u00e9g\u00e9vel. A b\u00f6ng\u00e9sz\u0151k nagyr\u00e9sze a s\u00fcti f\u00e1jlokat automatikusan megkapja m\u00e1r a bevezet\u0151 be\u00e1ll\u00edt\u00e1sn\u00e1l. A weboldalt azonban olyan \u00fczemm\u00f3dban is haszn\u00e1lhatja, amely nem teszi lehet\u0151v\u00e9 a weboldal l\u00e1togat\u00f3inak viselked\u00e9s\u00e9r\u0151l val\u00f3 adatok gy\u0171jt\u00e9s\u00e9t &#8211; saj\u00e1t b\u00f6ng\u00e9sz\u0151 be\u00e1ll\u00edt\u00e1sainak m\u00f3dos\u00edt\u00e1s\u00e1val.<\/li>\n<li>Ha hozz\u00e1sz\u00f3l\u00e1st ad hozz\u00e1 vagy \u00fczenetet k\u00fcld a kapcsolatfelv\u00e9teli \u0171rlapon kereszt\u00fcl a mi oldalunkon, beleegyezhet az \u00f6n neve, e-mail c\u00edme \u00e9s a weboldal elment\u00e9s\u00e9vel a s\u00fcti f\u00e1jlokba. Ez az \u00f6n k\u00e9nyelm\u00e9\u00e9rt van, hogy ne kelljen ism\u00e9telten kit\u00f6lteni az \u00f6n adatait a k\u00f6vetkez\u0151 hozz\u00e1sz\u00f3l\u00e1s hozz\u00e1ad\u00e1s\u00e1n\u00e1l. Ezek a s\u00fcti f\u00e1jlok egy \u00e9vig \u00e9rv\u00e9nyesek.<\/li>\n<li>&gt;Ha van a weboldalunkon fi\u00f3kja \u00e9s bejelentkezik, elmentj\u00fck az ideiglenes s\u00fcti f\u00e1jlokat annak \u00e9rdek\u00e9ben, hogy megtudjuk elfogadja-e az \u00f6n b\u00f6ng\u00e9sz\u0151je a s\u00fcti f\u00e1jlokat. Ezek a s\u00fcti f\u00e1jlok nem tartalmaznak semmilyen szem\u00e9lyes adatokat \u00e9s t\u00f6r\u00f6lve vannak a b\u00f6ng\u00e9sz\u0151 bez\u00e1r\u00e1s\u00e1n\u00e1l.<\/li>\n<li>A bejelentkez\u00e9sn\u00e9l be\u00e1ll\u00edtunk n\u00e9h\u00e1ny s\u00fcti f\u00e1jlt, hogy elments\u00fck az \u00f6n bejelentkez\u00e9si adatait \u00e9s a megjelen\u00edt\u00e9si be\u00e1ll\u00edt\u00e1sokat. A bejelentkez\u00e9si s\u00fctik egy napig \u00e9rv\u00e9nyesek \u00e9s a megjelen\u00edt\u00e9si be\u00e1ll\u00edt\u00e1sok egy \u00e9vet. Ha a \u201emegjegyz\u00e9s\u201d lehet\u0151s\u00e9get v\u00e1lasztja akkor az \u00f6n bejelentkez\u00e9se k\u00e9t h\u00e9tig lesz \u00e9rv\u00e9nyes. Az \u00f6n fi\u00f3kj\u00e1b\u00f3l val\u00f3 kijelentkez\u00e9skor a s\u00fcti f\u00e1jlok t\u00f6r\u00f6lve vannak.<\/li>\n<li>A weboldal megfelel\u0151 m\u0171k\u00f6d\u00e9s\u00e9nek biztos\u00edt\u00e1s\u00e1n k\u00edv\u00fcl \u00e9s a megk\u00f6nny\u00edtett hozz\u00e1f\u00e9r\u00e9s \u00e9rdek\u00e9ben s\u00fctiket ment\u00fcnk el c\u00e9lzott rekl\u00e1moz\u00e1sra \u00e9s feldolgozzuk \u0151ket az \u00f6n beleegyez\u00e9se alapj\u00e1n.<\/li>\n<li>Az adatok gy\u0171jt\u00e9se a weboldal l\u00e1togat\u00f3k viselked\u00e9s\u00e9r\u0151l (c\u00e9l: c\u00e9lzott rekl\u00e1moz\u00e1s) aktiv\u00e1lva van a weboldalt l\u00e1togat\u00f3 szem\u00e9lyek \u00e1ltal ha r\u00e1kattintanak az \u201c<strong>Enged\u00e9lyezem<\/strong>\u201d gombra, amelyet megtal\u00e1lnak az inform\u00e1ci\u00f3s s\u00e1vban (s\u00fcti transzparensben) a weboldal als\u00f3 r\u00e9sz\u00e9n. Az inform\u00e1ci\u00f3s s\u00e1v a k\u00f6vetkez\u0151 figyelmeztet\u00e9st tartalmazza: <em>\u201eEz a weboldal szolg\u00e1ltat\u00e1sny\u00fajt\u00e1st, rekl\u00e1mok megszem\u00e9lyes\u00edt\u00e9s\u00e9t \u00e9s s\u00fcti f\u00e1jlok forgalmi elemz\u00e9s\u00e9t haszn\u00e1lja. Ezen weboldal haszn\u00e1lat\u00e1val ebbe beleegyezik.\u201c <\/em><\/li>\n<li>Az \u00f6sszegy\u0171jt\u00f6tt s\u00fcti f\u00e1jlok feldolgoz\u00e1sa legf\u0151bbk\u00e9pp a Google Analytics \u00e9s Google Adwords szolg\u00e1ltat\u00e1sain kereszt\u00fcl t\u00f6rt\u00e9nik, amelyet a Google Inc. t\u00e1rsas\u00e1g forgalmaz, 1600 Amphitheatre Parkway, Mountain View, CA 94043, USA sz\u00e9khellyel. K\u00e9s\u0151bb a Google Inc. \u00e1ltal \u00f6sszegy\u0171jt\u00f6tt adatok feldolgozva vannak \u00f6sszhangban a szem\u00e9lyes adatok v\u00e9delm\u00e9vel, tov\u00e1bbi inf\u00f3 <a href=\"https:\/\/policies.google.com\/privacy?hl=sk#nosharing\" target=\"_blank\" rel=\"noopener\">itt<\/a>.<\/li>\n<li>Az oper\u00e1tor \u00f6sszegy\u0171jti a saj\u00e1t weboldal\u00e1n a k\u00f6vetkez\u0151 harmadik f\u00e9l s\u00fcti f\u00e1jljait:\n<ol>\n<li>Google Analytics statisztikai adatok szerz\u00e9se \u00e9rdek\u00e9ben az \u00f6n b\u00f6ng\u00e9sz\u0151je be\u00e1ll\u00edt\u00e1s\u00e1nak alapj\u00e1n vagy az adatok t\u00f6rl\u00e9s\u00e9ig (pl. a gyors\u00edt\u00f3t\u00e1r t\u00f6rl\u00e9s\u00e9vel)<\/li>\n<li>Google Adwords az azonos\u00edt\u00e1s \u00e9rdek\u00e9ben a Google hirdet\u00e9si h\u00e1l\u00f3zat\u00e1n bel\u00fcl, a hirdet\u00e9s \u00fajrac\u00e9lz\u00e1sa (retargeting) 180 napig.<\/li>\n<\/ol>\n<\/li>\n<li>A s\u00fcti f\u00e1jlok az \u00f6n szem\u00e9lyes adatai egyike. T\u00f6bb inform\u00e1ci\u00f3t a szem\u00e9lyes adatok feldolgoz\u00e1sair\u00f3l ezen a <a href=\"https:\/\/www.incognito.sk\/zasady-spracovania-osobnych-udajov\/\" target=\"blank\" rel=\"noopener\">linken<\/a> tal\u00e1lnak.<\/li>\n<\/ol>\n<\/div><\/div><\/div><style type=\"text\/css\">.fusion-body .fusion-builder-column-1{width:100% !important;margin-top : 0px;margin-bottom : 20px;}.fusion-builder-column-1 > .fusion-column-wrapper {padding-top : 0px !important;padding-right : 0px !important;margin-right : 1.92%;padding-bottom : 0px !important;padding-left : 0px !important;margin-left : 1.92%;}@media only screen and (max-width:1024px) {.fusion-body .fusion-builder-column-1{width:100% !important;order : 0;}.fusion-builder-column-1 > .fusion-column-wrapper {margin-right : 1.92%;margin-left : 1.92%;}}@media only screen and (max-width:800px) {.fusion-body .fusion-builder-column-1{width:100% !important;order : 0;}.fusion-builder-column-1 > .fusion-column-wrapper {margin-right : 1.92%;margin-left : 1.92%;}}<\/style><\/div><style type=\"text\/css\">.fusion-body .fusion-flex-container.fusion-builder-row-1{ padding-top : 0px;margin-top : 0px;padding-right : 0px;padding-bottom : 0px;margin-bottom : 0px;padding-left : 0px;}<\/style><\/div>\n","protected":false},"excerpt":{"rendered":"","protected":false},"author":1,"featured_media":0,"parent":0,"menu_order":0,"comment_status":"closed","ping_status":"closed","template":"","meta":{"footnotes":""},"class_list":["post-1051","page","type-page","status-publish","hentry"],"yoast_head":"<!-- This site is optimized with the Yoast SEO plugin v19.10 - https:\/\/yoast.com\/wordpress\/plugins\/seo\/ -->\n<title>Cookies - s\u00fctik - Incognito bistorant<\/title>\n<meta name=\"robots\" content=\"index, follow, max-snippet:-1, max-image-preview:large, max-video-preview:-1\" \/>\n<link rel=\"canonical\" href=\"https:\/\/www.incognito.sk\/hu\/cookies-sutik\/\" \/>\n<meta property=\"og:locale\" content=\"hu_HU\" \/>\n<meta property=\"og:type\" content=\"article\" \/>\n<meta property=\"og:title\" content=\"Cookies - s\u00fctik - Incognito bistorant\" \/>\n<meta property=\"og:url\" content=\"https:\/\/www.incognito.sk\/hu\/cookies-sutik\/\" \/>\n<meta property=\"og:site_name\" content=\"Incognito bistorant\" \/>\n<meta property=\"article:modified_time\" content=\"2024-08-08T08:06:49+00:00\" \/>\n<meta name=\"twitter:card\" content=\"summary_large_image\" \/>\n<meta name=\"twitter:label1\" content=\"Becs\u00fclt olvas\u00e1si id\u0151\" \/>\n\t<meta name=\"twitter:data1\" content=\"9 perc\" \/>\n<script type=\"application\/ld+json\" class=\"yoast-schema-graph\">{\"@context\":\"https:\/\/schema.org\",\"@graph\":[{\"@type\":\"WebPage\",\"@id\":\"https:\/\/www.incognito.sk\/hu\/cookies-sutik\/\",\"url\":\"https:\/\/www.incognito.sk\/hu\/cookies-sutik\/\",\"name\":\"Cookies - s\u00fctik - Incognito bistorant\",\"isPartOf\":{\"@id\":\"https:\/\/www.incognito.sk\/#website\"},\"datePublished\":\"2022-08-11T11:05:04+00:00\",\"dateModified\":\"2024-08-08T08:06:49+00:00\",\"breadcrumb\":{\"@id\":\"https:\/\/www.incognito.sk\/hu\/cookies-sutik\/#breadcrumb\"},\"inLanguage\":\"hu\",\"potentialAction\":[{\"@type\":\"ReadAction\",\"target\":[\"https:\/\/www.incognito.sk\/hu\/cookies-sutik\/\"]}]},{\"@type\":\"BreadcrumbList\",\"@id\":\"https:\/\/www.incognito.sk\/hu\/cookies-sutik\/#breadcrumb\",\"itemListElement\":[{\"@type\":\"ListItem\",\"position\":1,\"name\":\"Domovsk\u00e1 str\u00e1nka\",\"item\":\"https:\/\/www.incognito.sk\/hu\/\"},{\"@type\":\"ListItem\",\"position\":2,\"name\":\"Cookies &#8211; s\u00fctik\"}]},{\"@type\":\"WebSite\",\"@id\":\"https:\/\/www.incognito.sk\/#website\",\"url\":\"https:\/\/www.incognito.sk\/\",\"name\":\"Incognito bistorant\",\"description\":\"\",\"publisher\":{\"@id\":\"https:\/\/www.incognito.sk\/#organization\"},\"potentialAction\":[{\"@type\":\"SearchAction\",\"target\":{\"@type\":\"EntryPoint\",\"urlTemplate\":\"https:\/\/www.incognito.sk\/?s={search_term_string}\"},\"query-input\":\"required name=search_term_string\"}],\"inLanguage\":\"hu\"},{\"@type\":\"Organization\",\"@id\":\"https:\/\/www.incognito.sk\/#organization\",\"name\":\"Incognito bistorant\",\"url\":\"https:\/\/www.incognito.sk\/\",\"logo\":{\"@type\":\"ImageObject\",\"inLanguage\":\"hu\",\"@id\":\"https:\/\/www.incognito.sk\/#\/schema\/logo\/image\/\",\"url\":\"\",\"contentUrl\":\"\",\"caption\":\"Incognito bistorant\"},\"image\":{\"@id\":\"https:\/\/www.incognito.sk\/#\/schema\/logo\/image\/\"}}]}<\/script>\n<!-- \/ Yoast SEO plugin. -->","yoast_head_json":{"title":"Cookies - s\u00fctik - Incognito bistorant","robots":{"index":"index","follow":"follow","max-snippet":"max-snippet:-1","max-image-preview":"max-image-preview:large","max-video-preview":"max-video-preview:-1"},"canonical":"https:\/\/www.incognito.sk\/hu\/cookies-sutik\/","og_locale":"hu_HU","og_type":"article","og_title":"Cookies - s\u00fctik - Incognito bistorant","og_url":"https:\/\/www.incognito.sk\/hu\/cookies-sutik\/","og_site_name":"Incognito bistorant","article_modified_time":"2024-08-08T08:06:49+00:00","twitter_card":"summary_large_image","twitter_misc":{"Becs\u00fclt olvas\u00e1si id\u0151":"9 perc"},"schema":{"@context":"https:\/\/schema.org","@graph":[{"@type":"WebPage","@id":"https:\/\/www.incognito.sk\/hu\/cookies-sutik\/","url":"https:\/\/www.incognito.sk\/hu\/cookies-sutik\/","name":"Cookies - s\u00fctik - Incognito bistorant","isPartOf":{"@id":"https:\/\/www.incognito.sk\/#website"},"datePublished":"2022-08-11T11:05:04+00:00","dateModified":"2024-08-08T08:06:49+00:00","breadcrumb":{"@id":"https:\/\/www.incognito.sk\/hu\/cookies-sutik\/#breadcrumb"},"inLanguage":"hu","potentialAction":[{"@type":"ReadAction","target":["https:\/\/www.incognito.sk\/hu\/cookies-sutik\/"]}]},{"@type":"BreadcrumbList","@id":"https:\/\/www.incognito.sk\/hu\/cookies-sutik\/#breadcrumb","itemListElement":[{"@type":"ListItem","position":1,"name":"Domovsk\u00e1 str\u00e1nka","item":"https:\/\/www.incognito.sk\/hu\/"},{"@type":"ListItem","position":2,"name":"Cookies &#8211; s\u00fctik"}]},{"@type":"WebSite","@id":"https:\/\/www.incognito.sk\/#website","url":"https:\/\/www.incognito.sk\/","name":"Incognito bistorant","description":"","publisher":{"@id":"https:\/\/www.incognito.sk\/#organization"},"potentialAction":[{"@type":"SearchAction","target":{"@type":"EntryPoint","urlTemplate":"https:\/\/www.incognito.sk\/?s={search_term_string}"},"query-input":"required name=search_term_string"}],"inLanguage":"hu"},{"@type":"Organization","@id":"https:\/\/www.incognito.sk\/#organization","name":"Incognito bistorant","url":"https:\/\/www.incognito.sk\/","logo":{"@type":"ImageObject","inLanguage":"hu","@id":"https:\/\/www.incognito.sk\/#\/schema\/logo\/image\/","url":"","contentUrl":"","caption":"Incognito bistorant"},"image":{"@id":"https:\/\/www.incognito.sk\/#\/schema\/logo\/image\/"}}]}},"_links":{"self":[{"href":"https:\/\/www.incognito.sk\/hu\/wp-json\/wp\/v2\/pages\/1051","targetHints":{"allow":["GET"]}}],"collection":[{"href":"https:\/\/www.incognito.sk\/hu\/wp-json\/wp\/v2\/pages"}],"about":[{"href":"https:\/\/www.incognito.sk\/hu\/wp-json\/wp\/v2\/types\/page"}],"author":[{"embeddable":true,"href":"https:\/\/www.incognito.sk\/hu\/wp-json\/wp\/v2\/users\/1"}],"replies":[{"embeddable":true,"href":"https:\/\/www.incognito.sk\/hu\/wp-json\/wp\/v2\/comments?post=1051"}],"version-history":[{"count":2,"href":"https:\/\/www.incognito.sk\/hu\/wp-json\/wp\/v2\/pages\/1051\/revisions"}],"predecessor-version":[{"id":1053,"href":"https:\/\/www.incognito.sk\/hu\/wp-json\/wp\/v2\/pages\/1051\/revisions\/1053"}],"wp:attachment":[{"href":"https:\/\/www.incognito.sk\/hu\/wp-json\/wp\/v2\/media?parent=1051"}],"curies":[{"name":"wp","href":"https:\/\/api.w.org\/{rel}","templated":true}]}}